{"id":45,"date":"2022-09-17T23:00:06","date_gmt":"2022-09-17T21:00:06","guid":{"rendered":"http:\/\/serwer2279281.home.pl\/autoinstalator\/wordpress\/?page_id=45"},"modified":"2022-09-25T23:32:37","modified_gmt":"2022-09-25T21:32:37","slug":"prawo-cywilne","status":"publish","type":"page","link":"https:\/\/serwer2279281.home.pl\/autoinstalator\/wordpress\/prawo-cywilne\/","title":{"rendered":"CYWILNE"},"content":{"rendered":"\t\t<div data-elementor-type=\"wp-page\" data-elementor-id=\"45\" class=\"elementor elementor-45\">\n\t\t\t\t\t\t\t\t\t<section class=\"elementor-section elementor-top-section elementor-element elementor-element-469d1f3 elementor-section-boxed elementor-section-height-default elementor-section-height-default\" data-id=\"469d1f3\" data-element_type=\"section\">\n\t\t\t\t\t\t<div class=\"elementor-container elementor-column-gap-default\">\n\t\t\t\t\t<div class=\"elementor-column elementor-col-100 elementor-top-column elementor-element elementor-element-e655e6e\" data-id=\"e655e6e\" data-element_type=\"column\">\n\t\t\t<div class=\"elementor-widget-wrap elementor-element-populated\">\n\t\t\t\t\t\t\t\t<div class=\"elementor-element elementor-element-6fc90a4 elementor-widget__width-inherit elementor-widget elementor-widget-quadmenu\" data-id=\"6fc90a4\" data-element_type=\"widget\" data-widget_type=\"quadmenu.default\">\n\t\t\t\t<div class=\"elementor-widget-container\">\n\t\t\t<nav id=\"quadmenu\" class=\"quadmenu-default_theme quadmenu-v2.3.2 quadmenu-align-left quadmenu-divider-hide quadmenu-carets-hide quadmenu-background-color quadmenu-mobile-shadow-show quadmenu-dropdown-shadow-show quadmenu-offcanvas-right quadmenu-hover-ripple\" data-theme=\"default_theme\" data-template=\"offcanvas\" data-unwrap=\"0\" data-width=\"1\" data-selector=\"\" data-breakpoint=\"768\" data-sticky=\"0\" data-sticky-offset=\"0\">\r\n  <div class=\"quadmenu-container\">\r\n    <div class=\"quadmenu-navbar-header\">\r\n      <button type=\"button\" class=\"quadmenu-navbar-toggle collapsed\" data-quadmenu=\"collapse\" data-target=\"#quadmenu_0\" aria-expanded=\"false\" aria-controls=\"quadmenu\">\r\n  <span class=\"icon-bar-container\">\r\n    <span class=\"icon-bar icon-bar-top\"><\/span>\r\n    <span class=\"icon-bar icon-bar-middle\"><\/span>\r\n    <span class=\"icon-bar icon-bar-bottom\"><\/span>\r\n  <\/span>\r\n<\/button>        <a class=\"quadmenu-navbar-brand img\" href=\"http:\/\/serwer2279281.home.pl\/autoinstalator\/wordpress\/\"><img loading=\"lazy\" decoding=\"async\" height=\"60\" width=\"160\" src=\"http:\/\/serwer2279281.home.pl\/autoinstalator\/wordpress\/wp-content\/uploads\/2022\/09\/xNRA.JPG-b4051d13.jpg.pagespeed.ic_.2poScANmmc.jpg\" alt=\"Kancelaria Adwokacka Malwina Wr\u00f3blewska\"\/><\/a>\r\n    <\/div>\r\n    <div id=\"quadmenu_0\" class=\"navbar-offcanvas\">\r\n        <a class=\"quadmenu-navbar-brand img\" href=\"http:\/\/serwer2279281.home.pl\/autoinstalator\/wordpress\/\"><img loading=\"lazy\" decoding=\"async\" height=\"60\" width=\"160\" src=\"http:\/\/serwer2279281.home.pl\/autoinstalator\/wordpress\/wp-content\/uploads\/2022\/09\/xNRA.JPG-b4051d13.jpg.pagespeed.ic_.2poScANmmc.jpg\" alt=\"Kancelaria Adwokacka Malwina Wr\u00f3blewska\"\/><\/a>\r\n      <ul class=\"quadmenu-navbar-nav\"><li id=\"menu-item-185\" class=\"quadmenu-item-185 quadmenu-item quadmenu-item-object-page quadmenu-item-home quadmenu-item-type-post_type quadmenu-item-type-post_type quadmenu-item-level-0 quadmenu-has-title quadmenu-has-link quadmenu-has-background quadmenu-dropdown-right\">        <a  href=\"https:\/\/serwer2279281.home.pl\/autoinstalator\/wordpress\/\">\r\n      <span class=\"quadmenu-item-content\">\r\n                                              <span class=\"quadmenu-text  hover t_1000\">STRONA G\u0141\u00d3WNA<\/span>\r\n                                            <\/span>\r\n    <\/a>\r\n        <\/li><li id=\"menu-item-143\" class=\"quadmenu-item-143 quadmenu-item quadmenu-item-object-page quadmenu-item-type-post_type quadmenu-item-type-post_type quadmenu-item-level-0 quadmenu-has-title quadmenu-has-link quadmenu-has-background quadmenu-dropdown-right\">        <a  href=\"https:\/\/serwer2279281.home.pl\/autoinstalator\/wordpress\/adwokat\/\">\r\n      <span class=\"quadmenu-item-content\">\r\n                                              <span class=\"quadmenu-text  hover t_1000\">ADWOKAT<\/span>\r\n                                            <\/span>\r\n    <\/a>\r\n        <\/li><li id=\"menu-item-222\" class=\"quadmenu-item-222 quadmenu-item quadmenu-item-object-page quadmenu-item-type-post_type quadmenu-item-type-post_type quadmenu-item-level-0 quadmenu-has-title quadmenu-has-link quadmenu-has-background quadmenu-dropdown-right\">        <a  href=\"https:\/\/serwer2279281.home.pl\/autoinstalator\/wordpress\/prawo-karne\/\">\r\n      <span class=\"quadmenu-item-content\">\r\n                                              <span class=\"quadmenu-text  hover t_1000\">PRAWO KARNE<\/span>\r\n                                            <\/span>\r\n    <\/a>\r\n        <\/li><li id=\"menu-item-214\" class=\"quadmenu-item-214 quadmenu-item quadmenu-item-object-page quadmenu-item-type-post_type quadmenu-item-type-post_type quadmenu-item-level-0 quadmenu-has-title quadmenu-has-link quadmenu-has-background quadmenu-dropdown-right\">        <a  href=\"https:\/\/serwer2279281.home.pl\/autoinstalator\/wordpress\/prawo-cywilne\/\">\r\n      <span class=\"quadmenu-item-content\">\r\n                                              <span class=\"quadmenu-text  hover t_1000\">PRAWO CYWILNE<\/span>\r\n                                            <\/span>\r\n    <\/a>\r\n        <\/li><li id=\"menu-item-230\" class=\"quadmenu-item-230 quadmenu-item quadmenu-item-object-page quadmenu-item-type-post_type quadmenu-item-type-post_type quadmenu-item-level-0 quadmenu-has-title quadmenu-has-link quadmenu-has-background quadmenu-dropdown-right\">        <a  href=\"https:\/\/serwer2279281.home.pl\/autoinstalator\/wordpress\/gospodarcze\/\">\r\n      <span class=\"quadmenu-item-content\">\r\n                                              <span class=\"quadmenu-text  hover t_1000\">PRAWO GOSPODARCZE<\/span>\r\n                                            <\/span>\r\n    <\/a>\r\n        <\/li><li id=\"menu-item-144\" class=\"quadmenu-item-144 quadmenu-item quadmenu-item-object-page quadmenu-item-type-post_type quadmenu-item-type-post_type quadmenu-item-level-0 quadmenu-has-title quadmenu-has-link quadmenu-has-background quadmenu-dropdown-right\">        <a  href=\"https:\/\/serwer2279281.home.pl\/autoinstalator\/wordpress\/cennik\/\">\r\n      <span class=\"quadmenu-item-content\">\r\n                                              <span class=\"quadmenu-text  hover t_1000\">WYNAGRODZENIE<\/span>\r\n                                            <\/span>\r\n    <\/a>\r\n        <\/li><li id=\"menu-item-371\" class=\"quadmenu-item-371 quadmenu-item quadmenu-item-object-page quadmenu-item-type-post_type quadmenu-item-type-post_type quadmenu-item-level-0 quadmenu-has-title quadmenu-has-link quadmenu-has-background quadmenu-dropdown-right\">        <a  href=\"https:\/\/serwer2279281.home.pl\/autoinstalator\/wordpress\/elementor-300\/\">\r\n      <span class=\"quadmenu-item-content\">\r\n                                              <span class=\"quadmenu-text  hover t_1000\">KONTAKT<\/span>\r\n                                            <\/span>\r\n    <\/a>\r\n        <\/li><\/ul>    <\/div>\r\n  <\/div>\r\n<\/nav>\t\t<\/div>\n\t\t\t\t<\/div>\n\t\t\t\t\t<\/div>\n\t\t<\/div>\n\t\t\t\t\t\t\t<\/div>\n\t\t<\/section>\n\t\t\t\t<section class=\"elementor-section elementor-top-section elementor-element elementor-element-84b3fb1 elementor-section-height-full elementor-section-full_width elementor-section-items-stretch elementor-section-content-middle elementor-section-height-default\" data-id=\"84b3fb1\" data-element_type=\"section\" data-settings=\"{&quot;background_background&quot;:&quot;classic&quot;}\">\n\t\t\t\t\t\t\t<div class=\"elementor-background-overlay\"><\/div>\n\t\t\t\t\t\t\t<div class=\"elementor-container elementor-column-gap-no\">\n\t\t\t\t\t<div class=\"elementor-column elementor-col-100 elementor-top-column elementor-element elementor-element-96aba66 elementor-invisible\" data-id=\"96aba66\" data-element_type=\"column\" data-settings=\"{&quot;animation&quot;:&quot;fadeInRight&quot;}\">\n\t\t\t<div class=\"elementor-widget-wrap elementor-element-populated\">\n\t\t\t\t\t\t\t\t<div class=\"elementor-element elementor-element-e758b85 elementor-widget elementor-widget-image\" data-id=\"e758b85\" data-element_type=\"widget\" data-widget_type=\"image.default\">\n\t\t\t\t<div class=\"elementor-widget-container\">\n\t\t\t<style>\/*! elementor - v3.7.7 - 20-09-2022 *\/\n.elementor-widget-image{text-align:center}.elementor-widget-image a{display:inline-block}.elementor-widget-image a img[src$=\".svg\"]{width:48px}.elementor-widget-image img{vertical-align:middle;display:inline-block}<\/style>\t\t\t\t\t\t\t\t\t\t\t\t<img loading=\"lazy\" decoding=\"async\" width=\"42\" height=\"55\" src=\"https:\/\/serwer2279281.home.pl\/autoinstalator\/wordpress\/wp-content\/uploads\/2022\/09\/home1-icon3.png\" class=\"attachment-large size-large\" alt=\"\" \/>\t\t\t\t\t\t\t\t\t\t\t\t\t\t\t<\/div>\n\t\t\t\t<\/div>\n\t\t\t\t<div class=\"elementor-element elementor-element-8739768 elementor-invisible elementor-widget elementor-widget-heading\" data-id=\"8739768\" data-element_type=\"widget\" data-settings=\"{&quot;_animation&quot;:&quot;headShake&quot;}\" data-widget_type=\"heading.default\">\n\t\t\t\t<div class=\"elementor-widget-container\">\n\t\t\t<style>\/*! elementor - v3.7.7 - 20-09-2022 *\/\n.elementor-heading-title{padding:0;margin:0;line-height:1}.elementor-widget-heading .elementor-heading-title[class*=elementor-size-]>a{color:inherit;font-size:inherit;line-height:inherit}.elementor-widget-heading .elementor-heading-title.elementor-size-small{font-size:15px}.elementor-widget-heading .elementor-heading-title.elementor-size-medium{font-size:19px}.elementor-widget-heading .elementor-heading-title.elementor-size-large{font-size:29px}.elementor-widget-heading .elementor-heading-title.elementor-size-xl{font-size:39px}.elementor-widget-heading .elementor-heading-title.elementor-size-xxl{font-size:59px}<\/style><h2 class=\"elementor-heading-title elementor-size-default\"><em><h2 class=\"alignwide\" style=\"font-size:clamp(3.25rem, 8vw, 6.25rem);line-height:1.15;margin-bottom:2rem\"><em>PRAWO CYWILNE<\/em><\/h2><\/em><\/h2>\t\t<\/div>\n\t\t\t\t<\/div>\n\t\t\t\t<div class=\"elementor-element elementor-element-9311851 elementor-widget-divider--view-line elementor-widget elementor-widget-divider\" data-id=\"9311851\" data-element_type=\"widget\" data-widget_type=\"divider.default\">\n\t\t\t\t<div class=\"elementor-widget-container\">\n\t\t\t<style>\/*! elementor - v3.7.7 - 20-09-2022 *\/\n.elementor-widget-divider{--divider-border-style:none;--divider-border-width:1px;--divider-color:#2c2c2c;--divider-icon-size:20px;--divider-element-spacing:10px;--divider-pattern-height:24px;--divider-pattern-size:20px;--divider-pattern-url:none;--divider-pattern-repeat:repeat-x}.elementor-widget-divider .elementor-divider{display:-webkit-box;display:-ms-flexbox;display:flex}.elementor-widget-divider .elementor-divider__text{font-size:15px;line-height:1;max-width:95%}.elementor-widget-divider .elementor-divider__element{margin:0 var(--divider-element-spacing);-ms-flex-negative:0;flex-shrink:0}.elementor-widget-divider .elementor-icon{font-size:var(--divider-icon-size)}.elementor-widget-divider .elementor-divider-separator{display:-webkit-box;display:-ms-flexbox;display:flex;margin:0;direction:ltr}.elementor-widget-divider--view-line_icon .elementor-divider-separator,.elementor-widget-divider--view-line_text .elementor-divider-separator{-webkit-box-align:center;-ms-flex-align:center;align-items:center}.elementor-widget-divider--view-line_icon .elementor-divider-separator:after,.elementor-widget-divider--view-line_icon .elementor-divider-separator:before,.elementor-widget-divider--view-line_text .elementor-divider-separator:after,.elementor-widget-divider--view-line_text .elementor-divider-separator:before{display:block;content:\"\";border-bottom:0;-webkit-box-flex:1;-ms-flex-positive:1;flex-grow:1;border-top:var(--divider-border-width) var(--divider-border-style) var(--divider-color)}.elementor-widget-divider--element-align-left .elementor-divider .elementor-divider-separator>.elementor-divider__svg:first-of-type{-webkit-box-flex:0;-ms-flex-positive:0;flex-grow:0;-ms-flex-negative:100;flex-shrink:100}.elementor-widget-divider--element-align-left .elementor-divider-separator:before{content:none}.elementor-widget-divider--element-align-left .elementor-divider__element{margin-left:0}.elementor-widget-divider--element-align-right .elementor-divider .elementor-divider-separator>.elementor-divider__svg:last-of-type{-webkit-box-flex:0;-ms-flex-positive:0;flex-grow:0;-ms-flex-negative:100;flex-shrink:100}.elementor-widget-divider--element-align-right .elementor-divider-separator:after{content:none}.elementor-widget-divider--element-align-right .elementor-divider__element{margin-right:0}.elementor-widget-divider:not(.elementor-widget-divider--view-line_text):not(.elementor-widget-divider--view-line_icon) .elementor-divider-separator{border-top:var(--divider-border-width) var(--divider-border-style) var(--divider-color)}.elementor-widget-divider--separator-type-pattern{--divider-border-style:none}.elementor-widget-divider--separator-type-pattern.elementor-widget-divider--view-line .elementor-divider-separator,.elementor-widget-divider--separator-type-pattern:not(.elementor-widget-divider--view-line) .elementor-divider-separator:after,.elementor-widget-divider--separator-type-pattern:not(.elementor-widget-divider--view-line) .elementor-divider-separator:before,.elementor-widget-divider--separator-type-pattern:not([class*=elementor-widget-divider--view]) .elementor-divider-separator{width:100%;min-height:var(--divider-pattern-height);-webkit-mask-size:var(--divider-pattern-size) 100%;mask-size:var(--divider-pattern-size) 100%;-webkit-mask-repeat:var(--divider-pattern-repeat);mask-repeat:var(--divider-pattern-repeat);background-color:var(--divider-color);-webkit-mask-image:var(--divider-pattern-url);mask-image:var(--divider-pattern-url)}.elementor-widget-divider--no-spacing{--divider-pattern-size:auto}.elementor-widget-divider--bg-round{--divider-pattern-repeat:round}.rtl .elementor-widget-divider .elementor-divider__text{direction:rtl}.e-container>.elementor-widget-divider{width:var(--container-widget-width,100%);--flex-grow:var(--container-widget-flex-grow,0)}<\/style>\t\t<div class=\"elementor-divider\">\n\t\t\t<span class=\"elementor-divider-separator\">\n\t\t\t\t\t\t<\/span>\n\t\t<\/div>\n\t\t\t\t<\/div>\n\t\t\t\t<\/div>\n\t\t\t\t<div class=\"elementor-element elementor-element-0cf6204 elementor-widget elementor-widget-text-editor\" data-id=\"0cf6204\" data-element_type=\"widget\" data-widget_type=\"text-editor.default\">\n\t\t\t\t<div class=\"elementor-widget-container\">\n\t\t\t<style>\/*! elementor - v3.7.7 - 20-09-2022 *\/\n.elementor-widget-text-editor.elementor-drop-cap-view-stacked .elementor-drop-cap{background-color:#818a91;color:#fff}.elementor-widget-text-editor.elementor-drop-cap-view-framed .elementor-drop-cap{color:#818a91;border:3px solid;background-color:transparent}.elementor-widget-text-editor:not(.elementor-drop-cap-view-default) .elementor-drop-cap{margin-top:8px}.elementor-widget-text-editor:not(.elementor-drop-cap-view-default) .elementor-drop-cap-letter{width:1em;height:1em}.elementor-widget-text-editor .elementor-drop-cap{float:left;text-align:center;line-height:1;font-size:50px}.elementor-widget-text-editor .elementor-drop-cap-letter{display:inline-block}<\/style>\t\t\t\t<div class=\"wp-block-column is-vertically-aligned-center\"><h1><b><i>SPRAWY RODZINNE<\/i><\/b><\/h1><\/div><div class=\"wp-block-column is-vertically-aligned-center\"><p>Do najcz\u0119\u015bciej spotykanych w praktyce spraw rodzinnych nale\u017c\u0105 sprawy o: podzia\u0142 maj\u0105tku wsp\u00f3lnego ma\u0142\u017conk\u00f3w, rozw\u00f3d, alimenty, ustalenie ojcostwa, pozbawienie b\u0105d\u017a ograniczenie w\u0142adzy rodzicielskiej, jak r\u00f3wnie\u017c sprawy o uregulowanie kontakt\u00f3w z dzie\u0107mi. <\/p><p>Pe\u0142nomocnik w sprawach rodzinnych powinien wykazywa\u0107 si\u0119 nie tylko nale\u017cyt\u0105 staranno\u015bci\u0105, ale i wyczuciem oraz zrozumieniem problemu klienta. Sprawy z zakresu prawa rodzinnego i opieku\u0144czego nale\u017c\u0105 do kategorii sprawy, kt\u00f3re zawsze budzi\u0142y i b\u0119d\u0105 budzi\u0107 wielkie emocje w\u015br\u00f3d os\u00f3b zainteresowanych ich rozstrzygni\u0119ciem, dlatego te\u017c pomoc profesjonalnego pe\u0142nomocnika jawi si\u0119 jako niezb\u0119dna.<\/p><\/div>\t\t\t\t\t\t<\/div>\n\t\t\t\t<\/div>\n\t\t\t\t<div class=\"elementor-element elementor-element-8cab4f7 elementor-widget-divider--view-line elementor-widget elementor-widget-divider\" data-id=\"8cab4f7\" data-element_type=\"widget\" data-widget_type=\"divider.default\">\n\t\t\t\t<div class=\"elementor-widget-container\">\n\t\t\t\t\t<div class=\"elementor-divider\">\n\t\t\t<span class=\"elementor-divider-separator\">\n\t\t\t\t\t\t<\/span>\n\t\t<\/div>\n\t\t\t\t<\/div>\n\t\t\t\t<\/div>\n\t\t\t\t<div class=\"elementor-element elementor-element-8334911 elementor-widget elementor-widget-text-editor\" data-id=\"8334911\" data-element_type=\"widget\" data-widget_type=\"text-editor.default\">\n\t\t\t\t<div class=\"elementor-widget-container\">\n\t\t\t\t\t\t\t<div class=\"wp-block-column is-vertically-aligned-center\">\n<h1><em>SPRAWY SPADKOWE<\/em><\/h1>\n<\/div>\n<div class=\"wp-block-column is-vertically-aligned-center\">\n<div class=\"wp-block-column is-vertically-aligned-center\">\n<p>Kancelaria udziela pomocy w podj\u0119ciu decyzji o przyj\u0119ciu lub odrzuceniu spadku, inicjuje post\u0119powanie spadkowe przed S\u0105dem Rejonowym oraz prowadzi post\u0119powanie o dzia\u0142 spadku.<\/p>\n<\/div>\n<\/div>\t\t\t\t\t\t<\/div>\n\t\t\t\t<\/div>\n\t\t\t\t<div class=\"elementor-element elementor-element-713a577 elementor-widget-divider--view-line elementor-widget elementor-widget-divider\" data-id=\"713a577\" data-element_type=\"widget\" data-widget_type=\"divider.default\">\n\t\t\t\t<div class=\"elementor-widget-container\">\n\t\t\t\t\t<div class=\"elementor-divider\">\n\t\t\t<span class=\"elementor-divider-separator\">\n\t\t\t\t\t\t<\/span>\n\t\t<\/div>\n\t\t\t\t<\/div>\n\t\t\t\t<\/div>\n\t\t\t\t<div class=\"elementor-element elementor-element-0480ec6 elementor-widget elementor-widget-text-editor\" data-id=\"0480ec6\" data-element_type=\"widget\" data-widget_type=\"text-editor.default\">\n\t\t\t\t<div class=\"elementor-widget-container\">\n\t\t\t\t\t\t\t<div class=\"wp-block-column is-vertically-aligned-center\"><h1><b><i>SPRAWY ODSZKODOWAWCZE<\/i><\/b><\/h1><\/div><div class=\"wp-block-column is-vertically-aligned-center\"><p>Profesjonalny pe\u0142nomocnik cz\u0119sto jest pomocny w sporach z Towarzystwami Ubezpieczeniowymi, przy dochodzeniu odszkodowania, zwrotu koszt\u00f3w zwi\u0105zanych z wynajmem pojazdu zast\u0119pczego, odwo\u0142aniem od ustalonych koszt\u00f3w naprawy pojazdu. Adwokat Malwina Wr\u00f3blewska reprezentuje klient\u00f3w w sporach z Towarzystwami Ubezpieczeniowymi na etapie przedprocesowym, jak i na etapie s\u0105dowym.<\/p><\/div>\t\t\t\t\t\t<\/div>\n\t\t\t\t<\/div>\n\t\t\t\t\t<\/div>\n\t\t<\/div>\n\t\t\t\t\t\t\t<\/div>\n\t\t<\/section>\n\t\t\t\t<section class=\"elementor-section elementor-top-section elementor-element elementor-element-ca9e3fc elementor-section-boxed elementor-section-height-default elementor-section-height-default\" data-id=\"ca9e3fc\" data-element_type=\"section\" data-settings=\"{&quot;background_background&quot;:&quot;classic&quot;}\">\n\t\t\t\t\t\t<div class=\"elementor-container elementor-column-gap-default\">\n\t\t\t\t\t<div class=\"elementor-column elementor-col-100 elementor-top-column elementor-element elementor-element-aa049f1\" data-id=\"aa049f1\" data-element_type=\"column\">\n\t\t\t<div class=\"elementor-widget-wrap elementor-element-populated\">\n\t\t\t\t\t\t\t\t<div class=\"elementor-element elementor-element-c056aaa elementor-widget-divider--view-line elementor-invisible elementor-widget elementor-widget-divider\" data-id=\"c056aaa\" data-element_type=\"widget\" data-settings=\"{&quot;_animation&quot;:&quot;fadeInUp&quot;}\" data-widget_type=\"divider.default\">\n\t\t\t\t<div class=\"elementor-widget-container\">\n\t\t\t\t\t<div class=\"elementor-divider\">\n\t\t\t<span class=\"elementor-divider-separator\">\n\t\t\t\t\t\t<\/span>\n\t\t<\/div>\n\t\t\t\t<\/div>\n\t\t\t\t<\/div>\n\t\t\t\t<div class=\"elementor-element elementor-element-0e0db9f elementor-invisible elementor-widget elementor-widget-heading\" data-id=\"0e0db9f\" data-element_type=\"widget\" data-settings=\"{&quot;_animation&quot;:&quot;fadeInUp&quot;}\" data-widget_type=\"heading.default\">\n\t\t\t\t<div class=\"elementor-widget-container\">\n\t\t\t<h2 class=\"elementor-heading-title elementor-size-default\">Kancelaria Adwokacka Malwina Wr\u00f3blewska\n\nul. Czarnieckiego 30\/31 pok. 101\n73-110 Stargard<br>e-mail: kancelaria@adwokat-wroblewska.com.pl<br>tel. 534 082 021<\/h2>\t\t<\/div>\n\t\t\t\t<\/div>\n\t\t\t\t<div class=\"elementor-element elementor-element-dc11fc5 elementor-align-center elementor-widget elementor-widget-button\" data-id=\"dc11fc5\" data-element_type=\"widget\" data-widget_type=\"button.default\">\n\t\t\t\t<div class=\"elementor-widget-container\">\n\t\t\t\t\t<div class=\"elementor-button-wrapper\">\n\t\t\t<a href=\"http:\/\/serwer2279281.home.pl\/autoinstalator\/wordpress\/elementor-300\/\" class=\"elementor-button-link elementor-button elementor-size-sm\" role=\"button\">\n\t\t\t\t\t\t<span class=\"elementor-button-content-wrapper\">\n\t\t\t\t\t\t\t<span class=\"elementor-button-icon elementor-align-icon-left\">\n\t\t\t\t<i aria-hidden=\"true\" class=\"far fa-comment-dots\"><\/i>\t\t\t<\/span>\n\t\t\t\t\t\t<span class=\"elementor-button-text\">Kontakt<\/span>\n\t\t<\/span>\n\t\t\t\t\t<\/a>\n\t\t<\/div>\n\t\t\t\t<\/div>\n\t\t\t\t<\/div>\n\t\t\t\t\t<\/div>\n\t\t<\/div>\n\t\t\t\t\t\t\t<\/div>\n\t\t<\/section>\n\t\t\t\t\t\t\t<\/div>\n\t\t","protected":false},"excerpt":{"rendered":"<p>PRAWO CYWILNE SPRAWY RODZINNE Do najcz\u0119\u015bciej spotykanych w praktyce spraw rodzinnych nale\u017c\u0105 sprawy o: podzia\u0142 maj\u0105tku wsp\u00f3lnego ma\u0142\u017conk\u00f3w, rozw\u00f3d, alimenty, ustalenie ojcostwa, pozbawienie b\u0105d\u017a ograniczenie w\u0142adzy rodzicielskiej, jak r\u00f3wnie\u017c sprawy o uregulowanie kontakt\u00f3w z dzie\u0107mi. Pe\u0142nomocnik w sprawach rodzinnych powinien wykazywa\u0107 si\u0119 nie tylko nale\u017cyt\u0105 staranno\u015bci\u0105, ale i wyczuciem oraz zrozumieniem problemu klienta. Sprawy z [&hellip;]<\/p>\n","protected":false},"author":1,"featured_media":0,"parent":0,"menu_order":0,"comment_status":"closed","ping_status":"closed","template":"","meta":{"footnotes":""},"class_list":["post-45","page","type-page","status-publish","hentry","entry"],"_links":{"self":[{"href":"https:\/\/serwer2279281.home.pl\/autoinstalator\/wordpress\/wp-json\/wp\/v2\/pages\/45","targetHints":{"allow":["GET"]}}],"collection":[{"href":"https:\/\/serwer2279281.home.pl\/autoinstalator\/wordpress\/wp-json\/wp\/v2\/pages"}],"about":[{"href":"https:\/\/serwer2279281.home.pl\/autoinstalator\/wordpress\/wp-json\/wp\/v2\/types\/page"}],"author":[{"embeddable":true,"href":"https:\/\/serwer2279281.home.pl\/autoinstalator\/wordpress\/wp-json\/wp\/v2\/users\/1"}],"replies":[{"embeddable":true,"href":"https:\/\/serwer2279281.home.pl\/autoinstalator\/wordpress\/wp-json\/wp\/v2\/comments?post=45"}],"version-history":[{"count":26,"href":"https:\/\/serwer2279281.home.pl\/autoinstalator\/wordpress\/wp-json\/wp\/v2\/pages\/45\/revisions"}],"predecessor-version":[{"id":328,"href":"https:\/\/serwer2279281.home.pl\/autoinstalator\/wordpress\/wp-json\/wp\/v2\/pages\/45\/revisions\/328"}],"wp:attachment":[{"href":"https:\/\/serwer2279281.home.pl\/autoinstalator\/wordpress\/wp-json\/wp\/v2\/media?parent=45"}],"curies":[{"name":"wp","href":"https:\/\/api.w.org\/{rel}","templated":true}]}}